{"id":297,"date":"2026-03-03T18:32:17","date_gmt":"2026-03-03T18:32:17","guid":{"rendered":"https:\/\/ifparfum.com.br\/?post_type=product&#038;p=297"},"modified":"2026-03-16T17:08:38","modified_gmt":"2026-03-16T17:08:38","slug":"la-vie-est-belle-lancome","status":"publish","type":"product","link":"https:\/\/ifparfum.com.br\/en\/product\/la-vie-est-belle-lancome\/","title":{"rendered":"La Vie Est Belle \u2013 Lanc\u00f4me"},"content":{"rendered":"<p><span data-contrast=\"auto\">O produto ser\u00e1 enviado na quantidade selecionada no momento da compra, fracionado diretamente do frasco original.\u00a0<\/span><span data-ccp-props=\"{&quot;134233117&quot;:false,&quot;134233118&quot;:false,&quot;201341983&quot;:0,&quot;335559738&quot;:0,&quot;335559739&quot;:160,&quot;335559740&quot;:257}\">\u00a0<\/span><\/p>\n<p><span data-contrast=\"auto\">As amostras n\u00e3o acompanham a embalagem original, por\u00e9m s\u00e3o 100% aut\u00eanticas, garantindo a experi\u00eancia real da fragr\u00e2ncia, utilizamos decantes (flaconetes) Recraves, selados com\u00a0m\u00e1quina Recrave, garantindo veda\u00e7\u00e3o precisa, maior seguran\u00e7a no transporte e preserva\u00e7\u00e3o total da fragr\u00e2ncia at\u00e9 o \u00faltimo uso.<\/span><span data-ccp-props=\"{&quot;134233117&quot;:false,&quot;134233118&quot;:false,&quot;201341983&quot;:0,&quot;335559738&quot;:0,&quot;335559739&quot;:160,&quot;335559740&quot;:257}\">\u00a0<\/span><\/p>","protected":false},"excerpt":{"rendered":"<p><span data-contrast=\"auto\">Elegante, doce e sofisticado.<\/span><span data-ccp-props=\"{&quot;134233117&quot;:false,&quot;134233118&quot;:false,&quot;201341983&quot;:0,&quot;335559738&quot;:0,&quot;335559739&quot;:160,&quot;335559740&quot;:257}\">\u00a0<\/span><\/p>\n<p><span data-contrast=\"auto\">La\u00a0Vie\u00a0Est\u00a0Belle\u00a0\u00e9 uma fragr\u00e2ncia floral\u00a0gourmand\u00a0que celebra a felicidade e a liberdade feminina. Um perfume envolvente, confort\u00e1vel e extremamente feminino.<\/span><span data-ccp-props=\"{&quot;134233117&quot;:false,&quot;134233118&quot;:false,&quot;201341983&quot;:0,&quot;335559738&quot;:0,&quot;335559739&quot;:160,&quot;335559740&quot;:257}\">\u00a0<\/span><\/p>\n<p><span data-contrast=\"auto\">A abertura traz pera e cassis. No cora\u00e7\u00e3o, \u00edris, jasmim e flor de laranjeira criam um floral refinado. O fundo com baunilha, patchouli e pralin\u00ea garante\u00a0cremosidade\u00a0e \u00f3tima durabilidade.<\/span><span data-ccp-props=\"{&quot;134233117&quot;:false,&quot;134233118&quot;:false,&quot;201341983&quot;:0,&quot;335559738&quot;:0,&quot;335559739&quot;:160,&quot;335559740&quot;:257}\">\u00a0<\/span><\/p>\n<p><span data-contrast=\"auto\">Fam\u00edlia olfativa: Floral\u00a0Gourmand<\/span><span data-ccp-props=\"{&quot;134233117&quot;:false,&quot;134233118&quot;:false,&quot;201341983&quot;:0,&quot;335559738&quot;:0,&quot;335559739&quot;:160,&quot;335559740&quot;:257}\">\u00a0<\/span><\/p>\n<p><span data-contrast=\"auto\">Notas de sa\u00edda: Pera e cassis<\/span><span data-ccp-props=\"{&quot;134233117&quot;:false,&quot;134233118&quot;:false,&quot;201341983&quot;:0,&quot;335559738&quot;:0,&quot;335559739&quot;:160,&quot;335559740&quot;:257}\">\u00a0<\/span><\/p>\n<p><span data-contrast=\"auto\">Notas de cora\u00e7\u00e3o: \u00cdris, jasmim e flor de laranjeira<\/span><span data-ccp-props=\"{&quot;134233117&quot;:false,&quot;134233118&quot;:false,&quot;201341983&quot;:0,&quot;335559738&quot;:0,&quot;335559739&quot;:160,&quot;335559740&quot;:257}\">\u00a0<\/span><\/p>\n<p><span data-contrast=\"auto\">Notas de fundo: Baunilha, patchouli e pralin\u00ea<\/span><span data-ccp-props=\"{&quot;134233117&quot;:false,&quot;134233118&quot;:false,&quot;201341983&quot;:0,&quot;335559738&quot;:0,&quot;335559739&quot;:160,&quot;335559740&quot;:257}\">\u00a0<\/span><\/p>\n<p>Sugest\u00f5es de uso da fragr\u00e2ncia:<\/p>\n<p>La Vie Est Belle Eau de Parfum<\/p>\n<p>Ocasi\u00f5es:<br \/>\n\ud83d\udcbc Trabalho | \u2728 Encontros | \ud83c\udf89 Eventos<\/p>\n<p>Clima:<br \/>\n\ud83c\udf24 Ameno | \u2744\ufe0f Frio<\/p>\n<p>Melhor uso:<br \/>\n\ud83c\udf1e Dia | \ud83c\udf19 Noite<\/p>\n<p>Essas s\u00e3o sugest\u00f5es de uso baseadas no perfil da fragr\u00e2ncia. Perfume \u00e9 algo pessoal, ent\u00e3o sinta-se \u00e0 vontade para usar da forma que preferir.<\/p>","protected":false},"featured_media":362,"comment_status":"open","ping_status":"closed","template":"","meta":[],"product_brand":[],"product_cat":[30,21],"product_tag":[],"class_list":{"0":"post-297","1":"product","2":"type-product","3":"status-publish","4":"has-post-thumbnail","6":"product_cat-decants","7":"product_cat-feminino","9":"first","10":"instock","11":"shipping-taxable","12":"purchasable","13":"product-type-variable"},"_links":{"self":[{"href":"https:\/\/ifparfum.com.br\/en\/wp-json\/wp\/v2\/product\/297","targetHints":{"allow":["GET"]}}],"collection":[{"href":"https:\/\/ifparfum.com.br\/en\/wp-json\/wp\/v2\/product"}],"about":[{"href":"https:\/\/ifparfum.com.br\/en\/wp-json\/wp\/v2\/types\/product"}],"replies":[{"embeddable":true,"href":"https:\/\/ifparfum.com.br\/en\/wp-json\/wp\/v2\/comments?post=297"}],"version-history":[{"count":5,"href":"https:\/\/ifparfum.com.br\/en\/wp-json\/wp\/v2\/product\/297\/revisions"}],"predecessor-version":[{"id":564,"href":"https:\/\/ifparfum.com.br\/en\/wp-json\/wp\/v2\/product\/297\/revisions\/564"}],"wp:featuredmedia":[{"embeddable":true,"href":"https:\/\/ifparfum.com.br\/en\/wp-json\/wp\/v2\/media\/362"}],"wp:attachment":[{"href":"https:\/\/ifparfum.com.br\/en\/wp-json\/wp\/v2\/media?parent=297"}],"wp:term":[{"taxonomy":"product_brand","embeddable":true,"href":"https:\/\/ifparfum.com.br\/en\/wp-json\/wp\/v2\/product_brand?post=297"},{"taxonomy":"product_cat","embeddable":true,"href":"https:\/\/ifparfum.com.br\/en\/wp-json\/wp\/v2\/product_cat?post=297"},{"taxonomy":"product_tag","embeddable":true,"href":"https:\/\/ifparfum.com.br\/en\/wp-json\/wp\/v2\/product_tag?post=297"}],"curies":[{"name":"wp","href":"https:\/\/api.w.org\/{rel}","templated":true}]}}