{"id":93,"date":"2026-02-22T23:24:18","date_gmt":"2026-02-22T23:24:18","guid":{"rendered":"https:\/\/ifparfum.com.br\/?page_id=93"},"modified":"2026-03-13T19:44:17","modified_gmt":"2026-03-13T19:44:17","slug":"politica-de-privacidade","status":"publish","type":"page","link":"https:\/\/ifparfum.com.br\/en\/politica-de-privacidade\/","title":{"rendered":"Pol\u00edtica de Privacidade"},"content":{"rendered":"<div data-elementor-type=\"wp-page\" data-elementor-id=\"93\" class=\"elementor elementor-93\" data-elementor-post-type=\"page\">\n\t\t\t\t<div class=\"elementor-element elementor-element-1e949a3 e-flex e-con-boxed e-con e-parent\" data-id=\"1e949a3\" data-element_type=\"container\" data-e-type=\"container\">\n\t\t\t\t\t<div class=\"e-con-inner\">\n\t\t\t\t<div class=\"elementor-element elementor-element-316d4f0 elementor-widget elementor-widget-woocommerce-breadcrumb\" data-id=\"316d4f0\" data-element_type=\"widget\" data-e-type=\"widget\" data-widget_type=\"woocommerce-breadcrumb.default\">\n\t\t\t\t\t<nav class=\"woocommerce-breadcrumb\" aria-label=\"Breadcrumb\" data-no-translation=\"\" data-trp-gettext=\"\">Home<\/nav>\t\t\t\t<\/div>\n\t\t\t\t\t<\/div>\n\t\t\t\t<\/div>\n\t\t<div class=\"elementor-element elementor-element-d8db495 e-flex e-con-boxed e-con e-parent\" data-id=\"d8db495\" data-element_type=\"container\" data-e-type=\"container\">\n\t\t\t\t\t<div class=\"e-con-inner\">\n\t\t<div class=\"elementor-element elementor-element-d9ef2a7 e-con-full e-flex e-con e-child\" data-id=\"d9ef2a7\" data-element_type=\"container\" data-e-type=\"container\">\n\t\t\t\t<div class=\"elementor-element elementor-element-0a28dfc elementor-widget elementor-widget-heading\" data-id=\"0a28dfc\" data-element_type=\"widget\" data-e-type=\"widget\" data-widget_type=\"heading.default\">\n\t\t\t\t\t<h2 class=\"elementor-heading-title elementor-size-default\">Pol\u00edtica de Privacidade IF<\/h2>\t\t\t\t<\/div>\n\t\t\t\t<\/div>\n\t\t\t\t<div class=\"elementor-element elementor-element-d29aef7 elementor-widget-mobile__width-inherit elementor-widget elementor-widget-text-editor\" data-id=\"d29aef7\" data-element_type=\"widget\" data-e-type=\"widget\" data-widget_type=\"text-editor.default\">\n\t\t\t\t\t\t\t\t\t<p><span data-contrast=\"auto\">Na IF PARFUM, nos comprometemos a proteger sua privacidade. Esta pol\u00edtica explica como coletamos, usamos e protegemos suas informa\u00e7\u00f5es pessoais.<\/span><span data-ccp-props=\"{}\">\u00a0<\/span><\/p><p><b><span data-contrast=\"auto\">Coleta de dados:<\/span><\/b><span data-ccp-props=\"{}\">\u00a0<\/span><\/p><p><span data-contrast=\"none\">Seu nome, endere\u00e7o de e-mail, n\u00famero de telefone e endere\u00e7o de entrega s\u00e3o necess\u00e1rios para processar e enviar seus pedidos corretamente.<\/span><span data-ccp-props=\"{&quot;134233117&quot;:false,&quot;134233118&quot;:false,&quot;201341983&quot;:0,&quot;335551550&quot;:6,&quot;335551620&quot;:6,&quot;335557856&quot;:16777215,&quot;335559685&quot;:0,&quot;335559738&quot;:0,&quot;335559739&quot;:0,&quot;335559740&quot;:330}\">\u00a0<\/span><\/p><p><span data-contrast=\"none\">Coletamos informa\u00e7\u00f5es de pagamento, como n\u00fameros de cart\u00e3o de cr\u00e9dito ou d\u00e9bito, para processar pagamentos e concluir transa\u00e7\u00f5es de compra. Essas informa\u00e7\u00f5es s\u00e3o criptografadas e protegidas para garantir a seguran\u00e7a financeira do cliente.<\/span><span data-ccp-props=\"{&quot;134233117&quot;:false,&quot;134233118&quot;:false,&quot;201341983&quot;:0,&quot;335551550&quot;:6,&quot;335551620&quot;:6,&quot;335557856&quot;:16777215,&quot;335559685&quot;:0,&quot;335559738&quot;:0,&quot;335559739&quot;:0,&quot;335559740&quot;:330}\">\u00a0<\/span><\/p><p><span data-contrast=\"none\">N\u00e3o compartilhamos informa\u00e7\u00f5es de identifica\u00e7\u00e3o pessoal publicamente ou com terceiros, exceto quando exigido por lei.<\/span><span data-ccp-props=\"{&quot;134233117&quot;:false,&quot;134233118&quot;:false,&quot;201341983&quot;:0,&quot;335551550&quot;:6,&quot;335551620&quot;:6,&quot;335557856&quot;:16777215,&quot;335559738&quot;:0,&quot;335559739&quot;:210,&quot;335559740&quot;:300}\">\u00a0<\/span><\/p><p><span data-contrast=\"none\">Seu endere\u00e7o de entrega \u00e9 necess\u00e1rio para garantir que seus produtos sejam enviados para o local desejado de forma precisa e pontual.\u00a0<\/span><span data-ccp-props=\"{&quot;134233117&quot;:false,&quot;134233118&quot;:false,&quot;201341983&quot;:0,&quot;335551550&quot;:6,&quot;335551620&quot;:6,&quot;335557856&quot;:16777215,&quot;335559685&quot;:0,&quot;335559738&quot;:0,&quot;335559739&quot;:0,&quot;335559740&quot;:330}\">\u00a0<\/span><\/p><p><span data-contrast=\"none\">Podemos utilizar suas informa\u00e7\u00f5es de contato para comunica\u00e7\u00f5es relacionadas aos seus pedidos, como confirma\u00e7\u00f5es de compra, atualiza\u00e7\u00f5es de entrega e resolu\u00e7\u00e3o de problemas relacionados aos produtos.<\/span><span data-ccp-props=\"{&quot;134233117&quot;:false,&quot;134233118&quot;:false,&quot;201341983&quot;:0,&quot;335551550&quot;:6,&quot;335551620&quot;:6,&quot;335557856&quot;:16777215,&quot;335559685&quot;:0,&quot;335559738&quot;:0,&quot;335559739&quot;:0,&quot;335559740&quot;:330}\">\u00a0<\/span><\/p><p><b><span data-contrast=\"none\">USO DAS INFORMA\u00c7OES:<\/span><\/b><span data-ccp-props=\"{&quot;134233117&quot;:false,&quot;134233118&quot;:false,&quot;201341983&quot;:0,&quot;335551550&quot;:6,&quot;335551620&quot;:6,&quot;335557856&quot;:16777215,&quot;335559685&quot;:0,&quot;335559738&quot;:0,&quot;335559739&quot;:0,&quot;335559740&quot;:330}\">\u00a0<\/span><\/p><p><span data-contrast=\"none\">As informa\u00e7\u00f5es pessoais coletadas s\u00e3o utilizadas exclusivamente para os fins descritos nesta Pol\u00edtica de Privacidade e s\u00e3o protegidas de acordo com os mais altos padr\u00f5es de seguran\u00e7a e privacidade. N\u00e3o compartilhamos suas informa\u00e7\u00f5es com terceiros sem seu consentimento expl\u00edcito, exceto quando necess\u00e1rio para processar suas compras ou cumprir com obriga\u00e7\u00f5es legais.<\/span><span data-ccp-props=\"{&quot;134233117&quot;:false,&quot;134233118&quot;:false,&quot;201341983&quot;:0,&quot;335551550&quot;:6,&quot;335551620&quot;:6,&quot;335557856&quot;:16777215,&quot;335559685&quot;:0,&quot;335559738&quot;:0,&quot;335559739&quot;:0,&quot;335559740&quot;:330}\">\u00a0<\/span><\/p><p><b><span data-contrast=\"auto\">Compartilhamento de\u00a0dados:<\/span><\/b><span data-ccp-props=\"{&quot;134233117&quot;:false,&quot;134233118&quot;:false,&quot;335551550&quot;:6,&quot;335551620&quot;:6,&quot;335559685&quot;:0,&quot;335559738&quot;:0,&quot;335559739&quot;:0}\">\u00a0<\/span><\/p><p><span data-contrast=\"auto\">Os\u00a0dados poder\u00e3o ser compartilhados apenas com:<\/span><span data-ccp-props=\"{&quot;134233117&quot;:false,&quot;134233118&quot;:false,&quot;335551550&quot;:6,&quot;335551620&quot;:6,&quot;335559685&quot;:0,&quot;335559738&quot;:0,&quot;335559739&quot;:0}\">\u00a0<\/span><\/p><p><span data-contrast=\"auto\">Plataformas de pagamento<\/span><span data-ccp-props=\"{&quot;134233117&quot;:false,&quot;134233118&quot;:false,&quot;335551550&quot;:6,&quot;335551620&quot;:6,&quot;335559685&quot;:0,&quot;335559738&quot;:0,&quot;335559739&quot;:0}\">\u00a0<\/span><\/p><p><span data-contrast=\"auto\">Correios e transportadoras<\/span><span data-ccp-props=\"{&quot;134233117&quot;:false,&quot;134233118&quot;:false,&quot;335551550&quot;:6,&quot;335551620&quot;:6,&quot;335559685&quot;:0,&quot;335559738&quot;:0,&quot;335559739&quot;:0}\">\u00a0<\/span><\/p><p><span data-contrast=\"auto\">Sistemas de gest\u00e3o e hospedagem do site.<\/span><span data-ccp-props=\"{&quot;134233117&quot;:false,&quot;134233118&quot;:false,&quot;335551550&quot;:6,&quot;335551620&quot;:6,&quot;335559685&quot;:0,&quot;335559738&quot;:0,&quot;335559739&quot;:0}\">\u00a0<\/span><\/p><p><span data-contrast=\"auto\">Sempre respeitando a legisla\u00e7\u00e3o vigente.<\/span><span data-ccp-props=\"{&quot;134233117&quot;:false,&quot;134233118&quot;:false,&quot;335551550&quot;:6,&quot;335551620&quot;:6,&quot;335559738&quot;:0,&quot;335559739&quot;:0}\">\u00a0<\/span><\/p><p><b><span data-contrast=\"none\">Prote\u00e7\u00e3o dos dados<\/span><\/b><span data-ccp-props=\"{&quot;134233117&quot;:false,&quot;134233118&quot;:false,&quot;335551550&quot;:6,&quot;335551620&quot;:6,&quot;335559738&quot;:0,&quot;335559739&quot;:0}\">\u00a0<\/span><\/p><p><span data-contrast=\"none\">Implementamos medidas de seguran\u00e7a rigorosas para proteger suas informa\u00e7\u00f5es contra acesso n\u00e3o autorizado, uso indevido ou divulga\u00e7\u00e3o. Utilizamos tecnologias avan\u00e7adas de criptografia para garantir a seguran\u00e7a das transa\u00e7\u00f5es online e proteger seus dados pessoais.<\/span><span data-ccp-props=\"{&quot;134233117&quot;:false,&quot;134233118&quot;:false,&quot;201341983&quot;:0,&quot;335551550&quot;:6,&quot;335551620&quot;:6,&quot;335557856&quot;:16777215,&quot;335559685&quot;:0,&quot;335559738&quot;:0,&quot;335559739&quot;:0,&quot;335559740&quot;:330}\">\u00a0<\/span><\/p><p><span data-ccp-props=\"{}\">\u00a0<\/span><span data-contrast=\"auto\">O titular pode solicitar acesso, corre\u00e7\u00e3o ou exclus\u00e3o de seus dados por meio dos canais de atendimento informados no site.<\/span><span data-ccp-props=\"{}\">\u00a0<\/span><\/p><p><b><span data-contrast=\"auto\">ALTERA\u00c7\u00d5ES<\/span><\/b><span data-ccp-props=\"{}\">\u00a0<\/span><\/p><p><span data-contrast=\"none\">Podemos atualizar esta Pol\u00edtica de Privacidade periodicamente para refletir mudan\u00e7as em nossas pr\u00e1ticas de privacidade ou para cumprir com requisitos legais. Recomendamos que voc\u00ea revise esta pol\u00edtica regularmente para estar ciente de quaisquer altera\u00e7\u00f5es.<\/span><span data-ccp-props=\"{}\">\u00a0<\/span><\/p>\t\t\t\t\t\t\t\t<\/div>\n\t\t\t\t\t<\/div>\n\t\t\t\t<\/div>\n\t\t\t\t<\/div>","protected":false},"excerpt":{"rendered":"<p>Pol\u00edtica de Privacidade IF Na IF PARFUM, nos comprometemos a proteger sua privacidade. Esta pol\u00edtica explica como coletamos, usamos e protegemos suas informa\u00e7\u00f5es pessoais.\u00a0 Coleta de dados:\u00a0 Seu nome, endere\u00e7o de e-mail, n\u00famero de telefone e endere\u00e7o de entrega s\u00e3o necess\u00e1rios para processar e enviar seus pedidos corretamente.\u00a0 Coletamos informa\u00e7\u00f5es de pagamento, como n\u00fameros de [&hellip;]<\/p>\n","protected":false},"author":1,"featured_media":0,"parent":0,"menu_order":0,"comment_status":"closed","ping_status":"closed","template":"elementor_header_footer","meta":{"footnotes":""},"class_list":["post-93","page","type-page","status-publish","hentry"],"_links":{"self":[{"href":"https:\/\/ifparfum.com.br\/en\/wp-json\/wp\/v2\/pages\/93","targetHints":{"allow":["GET"]}}],"collection":[{"href":"https:\/\/ifparfum.com.br\/en\/wp-json\/wp\/v2\/pages"}],"about":[{"href":"https:\/\/ifparfum.com.br\/en\/wp-json\/wp\/v2\/types\/page"}],"author":[{"embeddable":true,"href":"https:\/\/ifparfum.com.br\/en\/wp-json\/wp\/v2\/users\/1"}],"replies":[{"embeddable":true,"href":"https:\/\/ifparfum.com.br\/en\/wp-json\/wp\/v2\/comments?post=93"}],"version-history":[{"count":19,"href":"https:\/\/ifparfum.com.br\/en\/wp-json\/wp\/v2\/pages\/93\/revisions"}],"predecessor-version":[{"id":527,"href":"https:\/\/ifparfum.com.br\/en\/wp-json\/wp\/v2\/pages\/93\/revisions\/527"}],"wp:attachment":[{"href":"https:\/\/ifparfum.com.br\/en\/wp-json\/wp\/v2\/media?parent=93"}],"curies":[{"name":"wp","href":"https:\/\/api.w.org\/{rel}","templated":true}]}}