{"id":89,"date":"2026-02-22T23:23:38","date_gmt":"2026-02-22T23:23:38","guid":{"rendered":"https:\/\/ifparfum.com.br\/?page_id=89"},"modified":"2026-03-13T19:43:55","modified_gmt":"2026-03-13T19:43:55","slug":"contato","status":"publish","type":"page","link":"https:\/\/ifparfum.com.br\/en\/contato\/","title":{"rendered":"Contato"},"content":{"rendered":"<div data-elementor-type=\"wp-page\" data-elementor-id=\"89\" class=\"elementor elementor-89\" data-elementor-post-type=\"page\">\n\t\t\t\t<div class=\"elementor-element elementor-element-10a6336 e-flex e-con-boxed e-con e-parent\" data-id=\"10a6336\" data-element_type=\"container\" data-e-type=\"container\">\n\t\t\t\t\t<div class=\"e-con-inner\">\n\t\t\t\t<div class=\"elementor-element elementor-element-d9605d3 elementor-widget elementor-widget-woocommerce-breadcrumb\" data-id=\"d9605d3\" data-element_type=\"widget\" data-e-type=\"widget\" data-widget_type=\"woocommerce-breadcrumb.default\">\n\t\t\t\t\t<nav class=\"woocommerce-breadcrumb\" aria-label=\"Breadcrumb\" data-no-translation=\"\" data-trp-gettext=\"\">Home<\/nav>\t\t\t\t<\/div>\n\t\t\t\t\t<\/div>\n\t\t\t\t<\/div>\n\t\t<div class=\"elementor-element elementor-element-91d97fb e-flex e-con-boxed e-con e-parent\" data-id=\"91d97fb\" data-element_type=\"container\" data-e-type=\"container\">\n\t\t\t\t\t<div class=\"e-con-inner\">\n\t\t<div class=\"elementor-element elementor-element-bbc292d e-con-full e-flex e-con e-child\" data-id=\"bbc292d\" data-element_type=\"container\" data-e-type=\"container\">\n\t\t<div class=\"elementor-element elementor-element-ed43357 e-con-full e-flex e-con e-child\" data-id=\"ed43357\" data-element_type=\"container\" data-e-type=\"container\">\n\t\t\t\t<div class=\"elementor-element elementor-element-0eaab7f elementor-widget elementor-widget-heading\" data-id=\"0eaab7f\" data-element_type=\"widget\" data-e-type=\"widget\" data-widget_type=\"heading.default\">\n\t\t\t\t\t<h2 class=\"elementor-heading-title elementor-size-default\">Como entrar em contato?<\/h2>\t\t\t\t<\/div>\n\t\t\t\t<div class=\"elementor-element elementor-element-18424fe elementor-widget__width-initial elementor-widget-mobile__width-inherit elementor-widget elementor-widget-text-editor\" data-id=\"18424fe\" data-element_type=\"widget\" data-e-type=\"widget\" data-widget_type=\"text-editor.default\">\n\t\t\t\t\t\t\t\t\t<p><span data-contrast=\"auto\">Se voc\u00ea tiver d\u00favidas, preocupa\u00e7\u00f5es ou solicita\u00e7\u00f5es relacionadas \u00e0 nossa Pol\u00edtica de Privacidade, entre em contato\u00a0conosco\u00a0atrav\u00e9s dos meios de contato fornecidos em nosso site.<\/span><span data-ccp-props=\"{&quot;134233117&quot;:false,&quot;134233118&quot;:false,&quot;335551550&quot;:6,&quot;335551620&quot;:6,&quot;335559738&quot;:240,&quot;335559739&quot;:240}\">\u00a0<\/span><\/p><p><span data-contrast=\"auto\">Ao continuar a usar nosso site e efetuar compras, voc\u00ea concorda com os termos desta Pol\u00edtica de Privacidade e reconhece a import\u00e2ncia das informa\u00e7\u00f5es pessoais fornecidas para a conclus\u00e3o de transa\u00e7\u00f5es de compra seguras e eficientes.<\/span><span data-ccp-props=\"{&quot;134233117&quot;:false,&quot;134233118&quot;:false,&quot;335551550&quot;:6,&quot;335551620&quot;:6,&quot;335559738&quot;:240,&quot;335559739&quot;:240}\">\u00a0<\/span><\/p>\t\t\t\t\t\t\t\t<\/div>\n\t\t\t\t<\/div>\n\t\t<div class=\"elementor-element elementor-element-0135205 e-con-full e-flex e-con e-child\" data-id=\"0135205\" data-element_type=\"container\" data-e-type=\"container\">\n\t\t\t\t<div class=\"elementor-element elementor-element-fa4ead2 elementor-widget-mobile__width-inherit elementor-widget elementor-widget-text-editor\" data-id=\"fa4ead2\" data-element_type=\"widget\" data-e-type=\"widget\" data-widget_type=\"text-editor.default\">\n\t\t\t\t\t\t\t\t\t<p><span data-contrast=\"none\">CNPJ:\u00a0 648257930001-60<\/span><span data-ccp-props=\"{}\">\u00a0<\/span><\/p><p><span data-contrast=\"none\">E-mail de contato:\u00a0<\/span><span style=\"color: #000080;\"><a style=\"color: #000080;\" href=\"mailto:ifparfum.oficial@gmail.com\">ifparfum.oficial@gmail.com<\/a>\u00a0<\/span><\/p><p><span data-contrast=\"none\">WhatsApp \/ Telefone: <span style=\"color: #000080;\"><a style=\"color: #000080;\" href=\"https:\/\/wa.me\/5541997112252?text=Ol%C3%A1!%20Vim%20pelo%20site%20e%20gostaria%20de%20mais%20informa%C3%A7%C3%B5es%20sobre\">(41) 99711-2252<\/a><\/span><\/span><span style=\"color: #000080;\" data-ccp-props=\"{}\">\u00a0<\/span><\/p>\t\t\t\t\t\t\t\t<\/div>\n\t\t\t\t<\/div>\n\t\t\t\t<\/div>\n\t\t\t\t\t<\/div>\n\t\t\t\t<\/div>\n\t\t\t\t<\/div>","protected":false},"excerpt":{"rendered":"<p>Como entrar em contato? Se voc\u00ea tiver d\u00favidas, preocupa\u00e7\u00f5es ou solicita\u00e7\u00f5es relacionadas \u00e0 nossa Pol\u00edtica de Privacidade, entre em contato\u00a0conosco\u00a0atrav\u00e9s dos meios de contato fornecidos em nosso site.\u00a0 Ao continuar a usar nosso site e efetuar compras, voc\u00ea concorda com os termos desta Pol\u00edtica de Privacidade e reconhece a import\u00e2ncia das informa\u00e7\u00f5es pessoais fornecidas para [&hellip;]<\/p>\n","protected":false},"author":1,"featured_media":0,"parent":0,"menu_order":0,"comment_status":"closed","ping_status":"closed","template":"elementor_header_footer","meta":{"footnotes":""},"class_list":["post-89","page","type-page","status-publish","hentry"],"_links":{"self":[{"href":"https:\/\/ifparfum.com.br\/en\/wp-json\/wp\/v2\/pages\/89","targetHints":{"allow":["GET"]}}],"collection":[{"href":"https:\/\/ifparfum.com.br\/en\/wp-json\/wp\/v2\/pages"}],"about":[{"href":"https:\/\/ifparfum.com.br\/en\/wp-json\/wp\/v2\/types\/page"}],"author":[{"embeddable":true,"href":"https:\/\/ifparfum.com.br\/en\/wp-json\/wp\/v2\/users\/1"}],"replies":[{"embeddable":true,"href":"https:\/\/ifparfum.com.br\/en\/wp-json\/wp\/v2\/comments?post=89"}],"version-history":[{"count":22,"href":"https:\/\/ifparfum.com.br\/en\/wp-json\/wp\/v2\/pages\/89\/revisions"}],"predecessor-version":[{"id":524,"href":"https:\/\/ifparfum.com.br\/en\/wp-json\/wp\/v2\/pages\/89\/revisions\/524"}],"wp:attachment":[{"href":"https:\/\/ifparfum.com.br\/en\/wp-json\/wp\/v2\/media?parent=89"}],"curies":[{"name":"wp","href":"https:\/\/api.w.org\/{rel}","templated":true}]}}