{"id":87,"date":"2026-02-22T23:23:21","date_gmt":"2026-02-22T23:23:21","guid":{"rendered":"https:\/\/ifparfum.com.br\/?page_id=87"},"modified":"2026-03-13T19:45:15","modified_gmt":"2026-03-13T19:45:15","slug":"sobre-nos","status":"publish","type":"page","link":"https:\/\/ifparfum.com.br\/en\/sobre-nos\/","title":{"rendered":"Sobre N\u00f3s"},"content":{"rendered":"<div data-elementor-type=\"wp-page\" data-elementor-id=\"87\" class=\"elementor elementor-87\" data-elementor-post-type=\"page\">\n\t\t\t\t<div class=\"elementor-element elementor-element-62ad1bd e-flex e-con-boxed e-con e-parent\" data-id=\"62ad1bd\" data-element_type=\"container\" data-e-type=\"container\">\n\t\t\t\t\t<div class=\"e-con-inner\">\n\t\t\t\t<div class=\"elementor-element elementor-element-65d097e elementor-widget elementor-widget-woocommerce-breadcrumb\" data-id=\"65d097e\" data-element_type=\"widget\" data-e-type=\"widget\" data-widget_type=\"woocommerce-breadcrumb.default\">\n\t\t\t\t\t<nav class=\"woocommerce-breadcrumb\" aria-label=\"Breadcrumb\" data-no-translation=\"\" data-trp-gettext=\"\">Home<\/nav>\t\t\t\t<\/div>\n\t\t\t\t\t<\/div>\n\t\t\t\t<\/div>\n\t\t<div class=\"elementor-element elementor-element-ca50bec e-flex e-con-boxed e-con e-parent\" data-id=\"ca50bec\" data-element_type=\"container\" data-e-type=\"container\">\n\t\t\t\t\t<div class=\"e-con-inner\">\n\t\t<div class=\"elementor-element elementor-element-73dce96 e-con-full e-flex e-con e-child\" data-id=\"73dce96\" data-element_type=\"container\" data-e-type=\"container\">\n\t\t\t\t<div class=\"elementor-element elementor-element-ad35380 elementor-widget elementor-widget-heading\" data-id=\"ad35380\" data-element_type=\"widget\" data-e-type=\"widget\" data-widget_type=\"heading.default\">\n\t\t\t\t\t<h2 class=\"elementor-heading-title elementor-size-default\">IF Parfum<\/h2>\t\t\t\t<\/div>\n\t\t\t\t<div class=\"elementor-element elementor-element-6418786 elementor-widget__width-initial elementor-widget-mobile__width-inherit elementor-widget elementor-widget-text-editor\" data-id=\"6418786\" data-element_type=\"widget\" data-e-type=\"widget\" data-widget_type=\"text-editor.default\">\n\t\t\t\t\t\t\t\t\t<p><span data-contrast=\"auto\">A IF PARFUM nasceu em Curitiba, Paran\u00e1, de algo simples e verdadeiro: a paix\u00e3o por perfumes e o desejo de compartilhar isso com outras pessoas.<\/span><span data-ccp-props=\"{}\">\u00a0<\/span><\/p><p><span data-contrast=\"auto\">Somos Ingrid e Fernando \u2014 as iniciais que d\u00e3o nome \u00e0 marca.<\/span><span data-ccp-props=\"{}\"> \u00a0<\/span><span data-contrast=\"auto\">Dois apaixonados por perfumes e por tudo o que eles despertam, a<\/span><span data-contrast=\"auto\">creditamos que perfume n\u00e3o \u00e9 s\u00f3 cheiro.<\/span><span data-ccp-props=\"{}\">\u00a0<\/span><\/p><p><span data-contrast=\"auto\">\u00c9 aquele detalhe que marca momentos e faz algu\u00e9m ser lembrado.<\/span><span data-ccp-props=\"{}\">\u00a0<\/span><\/p><p><span data-contrast=\"auto\">Criamos a IF PARFUM para tornar a perfumaria importada e \u00e1rabe mais acess\u00edvel e descomplicada. Trabalhamos com\u00a0decants\u00a0para que voc\u00ea possa conhecer, testar e se apaixonar por uma fragr\u00e2ncia antes de investir no frasco lacrado, com liberdade e seguran\u00e7a.<\/span><span data-ccp-props=\"{}\">\u00a0<\/span><\/p><p><span data-contrast=\"auto\">Cada perfume que passa por aqui \u00e9 escolhido com cuidado.<\/span><span data-ccp-props=\"{}\">\u00a0<\/span><span data-contrast=\"auto\">Cada pedido \u00e9 preparado como se fosse para algu\u00e9m pr\u00f3ximo.<\/span><span data-ccp-props=\"{}\">\u00a0<\/span><\/p><p><span data-contrast=\"auto\">E o atendimento \u00e9 feito com aten\u00e7\u00e3o real, porque entendemos que escolher um perfume \u00e9 algo pessoal.<\/span><span data-ccp-props=\"{}\">\u00a0<\/span><\/p><p><span data-contrast=\"auto\">\u2728 Seja bem-vindo(a) \u00e0 IF PARFUM.<\/span><span data-ccp-props=\"{}\">\u00a0<\/span><\/p>\t\t\t\t\t\t\t\t<\/div>\n\t\t\t\t<\/div>\n\t\t<div class=\"elementor-element elementor-element-87a5486 e-con-full e-flex e-con e-child\" data-id=\"87a5486\" data-element_type=\"container\" data-e-type=\"container\">\n\t\t\t\t<div class=\"elementor-element elementor-element-d32a5a9 elementor-widget elementor-widget-image\" data-id=\"d32a5a9\" data-element_type=\"widget\" data-e-type=\"widget\" data-widget_type=\"image.default\">\n\t\t\t\t\t\t\t\t\t\t\t\t\t\t\t<img fetchpriority=\"high\" decoding=\"async\" width=\"1170\" height=\"1554\" src=\"https:\/\/ifparfum.com.br\/wp-content\/uploads\/2026\/03\/IMG_8328-1.png\" class=\"attachment-full size-full wp-image-381\" alt=\"\" srcset=\"https:\/\/ifparfum.com.br\/wp-content\/uploads\/2026\/03\/IMG_8328-1.png 1170w, https:\/\/ifparfum.com.br\/wp-content\/uploads\/2026\/03\/IMG_8328-1-600x797.png 600w, https:\/\/ifparfum.com.br\/wp-content\/uploads\/2026\/03\/IMG_8328-1-226x300.png 226w, https:\/\/ifparfum.com.br\/wp-content\/uploads\/2026\/03\/IMG_8328-1-771x1024.png 771w, https:\/\/ifparfum.com.br\/wp-content\/uploads\/2026\/03\/IMG_8328-1-768x1020.png 768w, https:\/\/ifparfum.com.br\/wp-content\/uploads\/2026\/03\/IMG_8328-1-1156x1536.png 1156w\" sizes=\"(max-width: 1170px) 100vw, 1170px\" \/>\t\t\t\t\t\t\t\t\t\t\t\t\t\t\t<\/div>\n\t\t\t\t<\/div>\n\t\t\t\t\t<\/div>\n\t\t\t\t<\/div>\n\t\t\t\t<\/div>","protected":false},"excerpt":{"rendered":"<p>IF Parfum A IF PARFUM nasceu em Curitiba, Paran\u00e1, de algo simples e verdadeiro: a paix\u00e3o por perfumes e o desejo de compartilhar isso com outras pessoas.\u00a0 Somos Ingrid e Fernando \u2014 as iniciais que d\u00e3o nome \u00e0 marca. \u00a0Dois apaixonados por perfumes e por tudo o que eles despertam, acreditamos que perfume n\u00e3o \u00e9 [&hellip;]<\/p>\n","protected":false},"author":1,"featured_media":0,"parent":0,"menu_order":0,"comment_status":"closed","ping_status":"closed","template":"elementor_header_footer","meta":{"footnotes":""},"class_list":["post-87","page","type-page","status-publish","hentry"],"_links":{"self":[{"href":"https:\/\/ifparfum.com.br\/en\/wp-json\/wp\/v2\/pages\/87","targetHints":{"allow":["GET"]}}],"collection":[{"href":"https:\/\/ifparfum.com.br\/en\/wp-json\/wp\/v2\/pages"}],"about":[{"href":"https:\/\/ifparfum.com.br\/en\/wp-json\/wp\/v2\/types\/page"}],"author":[{"embeddable":true,"href":"https:\/\/ifparfum.com.br\/en\/wp-json\/wp\/v2\/users\/1"}],"replies":[{"embeddable":true,"href":"https:\/\/ifparfum.com.br\/en\/wp-json\/wp\/v2\/comments?post=87"}],"version-history":[{"count":25,"href":"https:\/\/ifparfum.com.br\/en\/wp-json\/wp\/v2\/pages\/87\/revisions"}],"predecessor-version":[{"id":533,"href":"https:\/\/ifparfum.com.br\/en\/wp-json\/wp\/v2\/pages\/87\/revisions\/533"}],"wp:attachment":[{"href":"https:\/\/ifparfum.com.br\/en\/wp-json\/wp\/v2\/media?parent=87"}],"curies":[{"name":"wp","href":"https:\/\/api.w.org\/{rel}","templated":true}]}}