{"id":510,"date":"2026-03-13T19:41:20","date_gmt":"2026-03-13T19:41:20","guid":{"rendered":"https:\/\/ifparfum.com.br\/?page_id=510"},"modified":"2026-03-13T19:53:36","modified_gmt":"2026-03-13T19:53:36","slug":"decantes","status":"publish","type":"page","link":"https:\/\/ifparfum.com.br\/en\/decantes\/","title":{"rendered":"Decantes"},"content":{"rendered":"<div data-elementor-type=\"wp-page\" data-elementor-id=\"510\" class=\"elementor elementor-510\" data-elementor-post-type=\"page\">\n\t\t\t\t<div class=\"elementor-element elementor-element-9f8abd8 e-flex e-con-boxed e-con e-parent\" data-id=\"9f8abd8\" data-element_type=\"container\" data-e-type=\"container\">\n\t\t\t\t\t<div class=\"e-con-inner\">\n\t\t\t\t<div class=\"elementor-element elementor-element-12952c7 elementor-widget elementor-widget-woocommerce-breadcrumb\" data-id=\"12952c7\" data-element_type=\"widget\" data-e-type=\"widget\" data-widget_type=\"woocommerce-breadcrumb.default\">\n\t\t\t\t\t<nav class=\"woocommerce-breadcrumb\" aria-label=\"Breadcrumb\" data-no-translation=\"\" data-trp-gettext=\"\">Home<\/nav>\t\t\t\t<\/div>\n\t\t\t\t\t<\/div>\n\t\t\t\t<\/div>\n\t\t<div class=\"elementor-element elementor-element-8287737 e-flex e-con-boxed e-con e-parent\" data-id=\"8287737\" data-element_type=\"container\" data-e-type=\"container\">\n\t\t\t\t\t<div class=\"e-con-inner\">\n\t\t<div class=\"elementor-element elementor-element-9772442 e-con-full e-flex e-con e-child\" data-id=\"9772442\" data-element_type=\"container\" data-e-type=\"container\">\n\t\t<div class=\"elementor-element elementor-element-83d4b52 e-con-full e-flex e-con e-child\" data-id=\"83d4b52\" data-element_type=\"container\" data-e-type=\"container\">\n\t\t\t\t<div class=\"elementor-element elementor-element-6876b2f elementor-widget elementor-widget-heading\" data-id=\"6876b2f\" data-element_type=\"widget\" data-e-type=\"widget\" data-widget_type=\"heading.default\">\n\t\t\t\t\t<h2 class=\"elementor-heading-title elementor-size-default\">Decants \u2013 Experimente antes de investir<\/h2>\t\t\t\t<\/div>\n\t\t\t\t<div class=\"elementor-element elementor-element-acb2081 elementor-widget__width-initial elementor-widget-mobile__width-inherit elementor-widget elementor-widget-text-editor\" data-id=\"acb2081\" data-element_type=\"widget\" data-e-type=\"widget\" data-widget_type=\"text-editor.default\">\n\t\t\t\t\t\t\t\t\t<p>Perfumes importados e \u00e1rabes podem ser um investimento alto. E escolher uma fragr\u00e2ncia apenas pela descri\u00e7\u00e3o ou pela indica\u00e7\u00e3o de algu\u00e9m nem sempre \u00e9 f\u00e1cil.<\/p><p>Isso acontece porque cada perfume se comporta de uma forma diferente na pele. O que \u00e9 perfeito para uma pessoa pode n\u00e3o ter o mesmo efeito em outra.<\/p><p>Pensando nisso, trabalhamos com decants.<\/p><p>Decants s\u00e3o pequenas por\u00e7\u00f5es do perfume original, retiradas do frasco lacrado e transferidas com todo cuidado para frascos menores. Assim, voc\u00ea pode conhecer a fragr\u00e2ncia na sua pr\u00f3pria pele, usar por alguns dias e decidir com mais seguran\u00e7a antes de investir no frasco completo.<\/p><p>\u00c9 uma forma pr\u00e1tica e mais acess\u00edvel de explorar novos perfumes, descobrir qual realmente combina com voc\u00ea e evitar comprar um frasco grande sem ter certeza se \u00e9 o perfume certo.<\/p><p>Na IF Parfum, nossos decants s\u00e3o preparados com aten\u00e7\u00e3o e cuidado, garantindo que voc\u00ea receba a mesma fragr\u00e2ncia original, apenas em um formato menor.<\/p><p>Disponibilizamos dois tamanhos:<\/p><p>5ml \u2013 ideal para conhecer a fragr\u00e2ncia e testar na pele por alguns dias.<br \/>10ml \u2013 perfeito para quem j\u00e1 gostou do perfume ou quer usar por mais tempo antes de comprar o frasco completo.<\/p><p>Dependendo da intensidade do perfume e da quantidade de borrifadas, um decant pode render dezenas de aplica\u00e7\u00f5es, permitindo que voc\u00ea experimente a fragr\u00e2ncia em diferentes momentos e ocasi\u00f5es.<\/p><p>Os decants s\u00e3o uma \u00f3tima op\u00e7\u00e3o para:<\/p><p>* conhecer perfumes antes de comprar o frasco grande<br \/>* experimentar novas fragr\u00e2ncias sem gastar muito<br \/>* levar perfumes na bolsa ou em viagens<br \/>* variar o perfume no dia a dia<\/p><p>Nosso objetivo \u00e9 tornar a perfumaria importada e \u00e1rabe mais acess\u00edvel e descomplicada, para que voc\u00ea possa descobrir novas fragr\u00e2ncias com liberdade e seguran\u00e7a.<\/p><p>\u2728 Experimente, descubra e encontre o perfume que realmente combina com voc\u00ea.<\/p>\t\t\t\t\t\t\t\t<\/div>\n\t\t\t\t<\/div>\n\t\t\t\t<\/div>\n\t\t\t\t\t<\/div>\n\t\t\t\t<\/div>\n\t\t\t\t<\/div>","protected":false},"excerpt":{"rendered":"<p>Decants \u2013 Experimente antes de investir Perfumes importados e \u00e1rabes podem ser um investimento alto. E escolher uma fragr\u00e2ncia apenas pela descri\u00e7\u00e3o ou pela indica\u00e7\u00e3o de algu\u00e9m nem sempre \u00e9 f\u00e1cil. Isso acontece porque cada perfume se comporta de uma forma diferente na pele. O que \u00e9 perfeito para uma pessoa pode n\u00e3o ter o [&hellip;]<\/p>\n","protected":false},"author":1,"featured_media":0,"parent":0,"menu_order":0,"comment_status":"closed","ping_status":"closed","template":"elementor_header_footer","meta":{"footnotes":""},"class_list":["post-510","page","type-page","status-publish","hentry"],"_links":{"self":[{"href":"https:\/\/ifparfum.com.br\/en\/wp-json\/wp\/v2\/pages\/510","targetHints":{"allow":["GET"]}}],"collection":[{"href":"https:\/\/ifparfum.com.br\/en\/wp-json\/wp\/v2\/pages"}],"about":[{"href":"https:\/\/ifparfum.com.br\/en\/wp-json\/wp\/v2\/types\/page"}],"author":[{"embeddable":true,"href":"https:\/\/ifparfum.com.br\/en\/wp-json\/wp\/v2\/users\/1"}],"replies":[{"embeddable":true,"href":"https:\/\/ifparfum.com.br\/en\/wp-json\/wp\/v2\/comments?post=510"}],"version-history":[{"count":7,"href":"https:\/\/ifparfum.com.br\/en\/wp-json\/wp\/v2\/pages\/510\/revisions"}],"predecessor-version":[{"id":554,"href":"https:\/\/ifparfum.com.br\/en\/wp-json\/wp\/v2\/pages\/510\/revisions\/554"}],"wp:attachment":[{"href":"https:\/\/ifparfum.com.br\/en\/wp-json\/wp\/v2\/media?parent=510"}],"curies":[{"name":"wp","href":"https:\/\/api.w.org\/{rel}","templated":true}]}}