{"id":21,"date":"2026-02-22T23:57:38","date_gmt":"2026-02-22T23:57:38","guid":{"rendered":"https:\/\/ifparfum.com.br\/?page_id=21"},"modified":"2026-03-13T19:44:54","modified_gmt":"2026-03-13T19:44:54","slug":"reembolso_devolucoes","status":"publish","type":"page","link":"https:\/\/ifparfum.com.br\/en\/reembolso_devolucoes\/","title":{"rendered":"Pol\u00edtica de reembolso e devolu\u00e7\u00f5es"},"content":{"rendered":"<div data-elementor-type=\"wp-page\" data-elementor-id=\"21\" class=\"elementor elementor-21\" data-elementor-post-type=\"page\">\n\t\t\t\t<div class=\"elementor-element elementor-element-629b772 e-flex e-con-boxed e-con e-parent\" data-id=\"629b772\" data-element_type=\"container\" data-e-type=\"container\">\n\t\t\t\t\t<div class=\"e-con-inner\">\n\t\t\t\t<div class=\"elementor-element elementor-element-8a18d78 elementor-widget elementor-widget-woocommerce-breadcrumb\" data-id=\"8a18d78\" data-element_type=\"widget\" data-e-type=\"widget\" data-widget_type=\"woocommerce-breadcrumb.default\">\n\t\t\t\t\t<nav class=\"woocommerce-breadcrumb\" aria-label=\"Breadcrumb\" data-no-translation=\"\" data-trp-gettext=\"\">Home<\/nav>\t\t\t\t<\/div>\n\t\t\t\t\t<\/div>\n\t\t\t\t<\/div>\n\t\t<div class=\"elementor-element elementor-element-7fa824e2 e-flex e-con-boxed e-con e-parent\" data-id=\"7fa824e2\" data-element_type=\"container\" data-e-type=\"container\">\n\t\t\t\t\t<div class=\"e-con-inner\">\n\t\t<div class=\"elementor-element elementor-element-b1527f5 e-con-full e-flex e-con e-child\" data-id=\"b1527f5\" data-element_type=\"container\" data-e-type=\"container\">\n\t\t<div class=\"elementor-element elementor-element-14fb264 e-con-full e-flex e-con e-child\" data-id=\"14fb264\" data-element_type=\"container\" data-e-type=\"container\">\n\t\t<div class=\"elementor-element elementor-element-34319e9 e-con-full e-flex e-con e-child\" data-id=\"34319e9\" data-element_type=\"container\" data-e-type=\"container\">\n\t\t\t\t<div class=\"elementor-element elementor-element-3a3787c elementor-widget elementor-widget-heading\" data-id=\"3a3787c\" data-element_type=\"widget\" data-e-type=\"widget\" data-widget_type=\"heading.default\">\n\t\t\t\t\t<h2 class=\"elementor-heading-title elementor-size-default\">Nossas Pol\u00edticas<\/h2>\t\t\t\t<\/div>\n\t\t\t\t<div class=\"elementor-element elementor-element-e22b62b elementor-widget-mobile__width-inherit elementor-widget elementor-widget-text-editor\" data-id=\"e22b62b\" data-element_type=\"widget\" data-e-type=\"widget\" data-widget_type=\"text-editor.default\">\n\t\t\t\t\t\t\t\t\t<p><span data-contrast=\"none\">A IF PARFUM preza por uma experi\u00eancia de compra segura, transparente e satisfat\u00f3ria.<\/span><span data-ccp-props=\"{}\">&nbsp;<\/span><\/p>\n<p><b><span data-contrast=\"none\">N\u00c3O REALIZAMOS TROCAS OU DEVOLU\u00c7\u00d5ES DE DECANTS<\/span><\/b><span data-ccp-props=\"{&quot;134233117&quot;:false,&quot;134233118&quot;:false,&quot;201341983&quot;:0,&quot;335551550&quot;:6,&quot;335551620&quot;:6,&quot;335557856&quot;:16777215,&quot;335559738&quot;:0,&quot;335559739&quot;:210,&quot;335559740&quot;:300}\">&nbsp;<\/span><\/p>\n<p><span data-contrast=\"none\">Os&nbsp;decants&nbsp;s\u00e3o produtos fracionados e preparados sob encomenda, de forma personalizada, conforme o pedido de cada cliente.<\/span>&nbsp;<br><span data-contrast=\"none\">Por esse motivo,&nbsp;<\/span><b><span data-contrast=\"none\">n\u00e3o s\u00e3o eleg\u00edveis para troca ou devolu\u00e7\u00f5es&nbsp;se os&nbsp;<\/span><\/b><span data-contrast=\"none\">produtos&nbsp;forem&nbsp;abertos, violados ou utilizados, salvo em caso de defeito ou erro no envio,&nbsp;exceto em casos de&nbsp;<\/span><b><span data-contrast=\"none\">avaria comprovada durante o transporte.&nbsp;<\/span><\/b><span data-ccp-props=\"{&quot;134233117&quot;:false,&quot;134233118&quot;:false,&quot;201341983&quot;:0,&quot;335551550&quot;:6,&quot;335551620&quot;:6,&quot;335557856&quot;:16777215,&quot;335559738&quot;:0,&quot;335559739&quot;:210,&quot;335559740&quot;:300}\">&nbsp;<\/span><\/p>\n<p><span data-contrast=\"none\">Em casos de defeito de fabrica\u00e7\u00e3o (como borrifador com problema) ou avaria ocorrida durante o transporte, a IF PARFUM se responsabiliza integralmente.<\/span><span data-ccp-props=\"{&quot;134233117&quot;:false,&quot;134233118&quot;:false,&quot;201341983&quot;:0,&quot;335551550&quot;:6,&quot;335551620&quot;:6,&quot;335557856&quot;:16777215,&quot;335559738&quot;:0,&quot;335559739&quot;:210,&quot;335559740&quot;:300}\">&nbsp;<\/span><\/p>\n<p><b><span data-contrast=\"auto\">Direito de&nbsp;arrependimento<\/span><\/b><span data-contrast=\"auto\">&nbsp;<\/span><span data-ccp-props=\"{&quot;134233117&quot;:false,&quot;134233118&quot;:false,&quot;335551550&quot;:6,&quot;335551620&quot;:6,&quot;335559685&quot;:0,&quot;335559738&quot;:0,&quot;335559739&quot;:0}\">&nbsp;<\/span><\/p>\n<p><span data-contrast=\"auto\">Conforme&nbsp;o artigo 49 do C\u00f3digo de Defesa do Consumidor, o cliente pode desistir da compra em at\u00e9 7 (sete) dias corridos ap\u00f3s o recebimento do produto, desde que o produto esteja sem uso e em sua embalagem original.<\/span><span data-ccp-props=\"{&quot;134233117&quot;:false,&quot;134233118&quot;:false,&quot;335551550&quot;:6,&quot;335551620&quot;:6,&quot;335559685&quot;:0,&quot;335559738&quot;:0,&quot;335559739&quot;:0}\">&nbsp;<\/span><\/p>\n<p><b><span data-contrast=\"none\">Para que a devolu\u00e7\u00e3o seja aceita:<\/span><\/b><span data-ccp-props=\"{&quot;134233117&quot;:false,&quot;134233118&quot;:false,&quot;201341983&quot;:0,&quot;335551550&quot;:6,&quot;335551620&quot;:6,&quot;335557856&quot;:16777215,&quot;335559738&quot;:0,&quot;335559739&quot;:210,&quot;335559740&quot;:300}\">&nbsp;<\/span><\/p>\n<p><span data-contrast=\"none\">O produto deve estar lacrado, sem sinais de uso e nas mesmas condi\u00e7\u00f5es em que foi enviado.<\/span><span data-ccp-props=\"{&quot;134233117&quot;:false,&quot;134233118&quot;:false,&quot;201341983&quot;:0,&quot;335551550&quot;:6,&quot;335551620&quot;:6,&quot;335557856&quot;:16777215,&quot;335559685&quot;:0,&quot;335559738&quot;:0,&quot;335559739&quot;:0,&quot;335559740&quot;:330}\">&nbsp;<\/span><\/p>\n<p><b><span data-contrast=\"none\">AVARIAS NO RECEBIMENTO<\/span><\/b><span data-ccp-props=\"{&quot;134233117&quot;:false,&quot;134233118&quot;:false,&quot;201341983&quot;:0,&quot;335551550&quot;:6,&quot;335551620&quot;:6,&quot;335557856&quot;:16777215,&quot;335559738&quot;:0,&quot;335559739&quot;:210,&quot;335559740&quot;:300}\">&nbsp;<\/span><\/p>\n<p><span data-contrast=\"none\">No momento do recebimento, verifique atentamente as condi\u00e7\u00f5es da embalagem:<\/span><span data-ccp-props=\"{&quot;134233117&quot;:false,&quot;134233118&quot;:false,&quot;201341983&quot;:0,&quot;335551550&quot;:6,&quot;335551620&quot;:6,&quot;335557856&quot;:16777215,&quot;335559738&quot;:0,&quot;335559739&quot;:210,&quot;335559740&quot;:300}\">&nbsp;<\/span><\/p>\n<p><span data-contrast=\"none\">Caso haja danos vis\u00edveis, recuse a entrega e registre o motivo no comprovante;<\/span><span data-ccp-props=\"{&quot;134233117&quot;:false,&quot;134233118&quot;:false,&quot;201341983&quot;:0,&quot;335551550&quot;:6,&quot;335551620&quot;:6,&quot;335557856&quot;:16777215,&quot;335559685&quot;:0,&quot;335559738&quot;:0,&quot;335559739&quot;:0,&quot;335559740&quot;:330}\">&nbsp;<\/span><\/p>\n<p><span data-contrast=\"none\">Entre em contato imediatamente com nossa equipe.<\/span><span data-ccp-props=\"{&quot;134233117&quot;:false,&quot;134233118&quot;:false,&quot;201341983&quot;:0,&quot;335551550&quot;:6,&quot;335551620&quot;:6,&quot;335557856&quot;:16777215,&quot;335559685&quot;:0,&quot;335559738&quot;:0,&quot;335559739&quot;:0,&quot;335559740&quot;:330}\">&nbsp;<\/span><\/p>\n<p><span data-contrast=\"none\">Se o dano for identificado ap\u00f3s o recebimento, envie fotos do produto e da embalagem em at\u00e9<\/span><b><span data-contrast=\"none\">&nbsp;24 horas \u00fateis.<\/span><\/b><span data-ccp-props=\"{&quot;134233117&quot;:false,&quot;134233118&quot;:false,&quot;201341983&quot;:0,&quot;335551550&quot;:6,&quot;335551620&quot;:6,&quot;335557856&quot;:16777215,&quot;335559738&quot;:0,&quot;335559739&quot;:210,&quot;335559740&quot;:300}\">&nbsp;<\/span><\/p>\n<p><b><span data-contrast=\"none\">ITENS N\u00c3O ACEITOS PARA TROCA OU DEVOLU\u00c7\u00c3O<\/span><\/b><span data-ccp-props=\"{&quot;134233117&quot;:false,&quot;134233118&quot;:false,&quot;201341983&quot;:0,&quot;335551550&quot;:6,&quot;335551620&quot;:6,&quot;335557856&quot;:16777215,&quot;335559738&quot;:0,&quot;335559739&quot;:210,&quot;335559740&quot;:300}\">&nbsp;<\/span><\/p>\n<p><span data-contrast=\"none\">Produtos abertos, violados ou com lacre rompido;<\/span><span data-ccp-props=\"{&quot;134233117&quot;:false,&quot;134233118&quot;:false,&quot;201341983&quot;:0,&quot;335551550&quot;:6,&quot;335551620&quot;:6,&quot;335557856&quot;:16777215,&quot;335559685&quot;:0,&quot;335559738&quot;:0,&quot;335559739&quot;:0,&quot;335559740&quot;:330}\">&nbsp;<\/span><\/p>\n<p><span data-contrast=\"none\">Produtos com sinais de uso;<\/span><span data-ccp-props=\"{&quot;134233117&quot;:false,&quot;134233118&quot;:false,&quot;201341983&quot;:0,&quot;335551550&quot;:6,&quot;335551620&quot;:6,&quot;335557856&quot;:16777215,&quot;335559685&quot;:0,&quot;335559738&quot;:0,&quot;335559739&quot;:0,&quot;335559740&quot;:330}\">&nbsp;<\/span><\/p>\n<p><span data-contrast=\"none\">Decants, por se tratarem de produtos fracionados sob medida.<\/span><span data-ccp-props=\"{&quot;134233117&quot;:false,&quot;134233118&quot;:false,&quot;201341983&quot;:0,&quot;335551550&quot;:6,&quot;335551620&quot;:6,&quot;335557856&quot;:16777215,&quot;335559685&quot;:0,&quot;335559738&quot;:0,&quot;335559739&quot;:0,&quot;335559740&quot;:330}\">&nbsp;<\/span><\/p>\n<p><b><span data-contrast=\"none\">Importante:<\/span><\/b><span data-ccp-props=\"{&quot;134233117&quot;:false,&quot;134233118&quot;:false,&quot;201341983&quot;:0,&quot;335551550&quot;:6,&quot;335551620&quot;:6,&quot;335557856&quot;:16777215,&quot;335559738&quot;:0,&quot;335559739&quot;:210,&quot;335559740&quot;:300}\">&nbsp;<\/span><\/p>\n<p><span data-contrast=\"none\">O frete da devolu\u00e7\u00e3o \u00e9 de responsabilidade do cliente;<\/span><span data-ccp-props=\"{&quot;134233117&quot;:false,&quot;134233118&quot;:false,&quot;201341983&quot;:0,&quot;335551550&quot;:6,&quot;335551620&quot;:6,&quot;335557856&quot;:16777215,&quot;335559685&quot;:0,&quot;335559738&quot;:0,&quot;335559739&quot;:0,&quot;335559740&quot;:330}\">&nbsp;<\/span><\/p>\n<p><span data-contrast=\"none\">O reembolso ser\u00e1 realizado no mesmo meio de pagamento utilizado na compra, em at\u00e9 10 (dez) dias \u00fateis ap\u00f3s o recebimento e an\u00e1lise do produto devolvido.<\/span><span data-ccp-props=\"{&quot;134233117&quot;:false,&quot;134233118&quot;:false,&quot;201341983&quot;:0,&quot;335551550&quot;:6,&quot;335551620&quot;:6,&quot;335557856&quot;:16777215,&quot;335559685&quot;:0,&quot;335559738&quot;:0,&quot;335559739&quot;:0,&quot;335559740&quot;:330}\">&nbsp;<\/span><\/p>\n<p><b><span data-contrast=\"none\">COMO SOLICITAR TROCA OU DEVOLU\u00c7\u00c3O<\/span><\/b><span data-ccp-props=\"{&quot;134233117&quot;:false,&quot;134233118&quot;:false,&quot;201341983&quot;:0,&quot;335551550&quot;:6,&quot;335551620&quot;:6,&quot;335557856&quot;:16777215,&quot;335559738&quot;:0,&quot;335559739&quot;:210,&quot;335559740&quot;:300}\">&nbsp;<\/span><\/p>\n<p><span data-contrast=\"none\">Notifique o ocorrido em at\u00e9<\/span><b><span data-contrast=\"none\">&nbsp;7 (sete) dias corridos ap\u00f3s o recebimento;<\/span><\/b><span data-ccp-props=\"{&quot;134233117&quot;:false,&quot;134233118&quot;:false,&quot;201341983&quot;:0,&quot;335551550&quot;:6,&quot;335551620&quot;:6,&quot;335557856&quot;:16777215,&quot;335559685&quot;:0,&quot;335559738&quot;:0,&quot;335559739&quot;:0,&quot;335559740&quot;:330}\">&nbsp;<\/span><\/p>\n<p><span data-contrast=\"none\">Entre em contato pelo WhatsApp oficial informando:<\/span><span data-ccp-props=\"{&quot;134233117&quot;:false,&quot;134233118&quot;:false,&quot;201341983&quot;:0,&quot;335551550&quot;:6,&quot;335551620&quot;:6,&quot;335557856&quot;:16777215,&quot;335559738&quot;:0,&quot;335559739&quot;:210,&quot;335559740&quot;:300}\">&nbsp;<\/span><\/p>\n<p><span data-contrast=\"none\">N\u00famero do pedido;<\/span><span data-ccp-props=\"{&quot;134233117&quot;:false,&quot;134233118&quot;:false,&quot;201341983&quot;:0,&quot;335551550&quot;:6,&quot;335551620&quot;:6,&quot;335557856&quot;:16777215,&quot;335559685&quot;:0,&quot;335559738&quot;:0,&quot;335559739&quot;:0,&quot;335559740&quot;:330}\">&nbsp;<\/span><\/p>\n<p><span data-contrast=\"none\">Motivo da solicita\u00e7\u00e3o;<\/span><span data-ccp-props=\"{&quot;134233117&quot;:false,&quot;134233118&quot;:false,&quot;201341983&quot;:0,&quot;335551550&quot;:6,&quot;335551620&quot;:6,&quot;335557856&quot;:16777215,&quot;335559685&quot;:0,&quot;335559738&quot;:0,&quot;335559739&quot;:0,&quot;335559740&quot;:330}\">&nbsp;<\/span><\/p>\n<p><span data-contrast=\"none\">Fotos do produto (em caso de defeito ou avaria).<\/span><span data-ccp-props=\"{&quot;134233117&quot;:false,&quot;134233118&quot;:false,&quot;201341983&quot;:0,&quot;335551550&quot;:6,&quot;335551620&quot;:6,&quot;335557856&quot;:16777215,&quot;335559685&quot;:0,&quot;335559738&quot;:0,&quot;335559739&quot;:0,&quot;335559740&quot;:330}\">&nbsp;<\/span><\/p>\n<p><span data-contrast=\"none\">Ap\u00f3s o recebimento, o item passar\u00e1 por an\u00e1lise em at\u00e9&nbsp;<\/span><b><span data-contrast=\"none\">3 (tr\u00eas) dias \u00fateis.<\/span><\/b>&nbsp;<br><span data-contrast=\"none\">Caso n\u00e3o atenda aos crit\u00e9rios desta pol\u00edtica, o produto ser\u00e1 devolvido ao cliente.<\/span><span data-ccp-props=\"{&quot;134233117&quot;:false,&quot;134233118&quot;:false,&quot;201341983&quot;:0,&quot;335551550&quot;:6,&quot;335551620&quot;:6,&quot;335557856&quot;:16777215,&quot;335559738&quot;:0,&quot;335559739&quot;:210,&quot;335559740&quot;:300}\">&nbsp;<\/span><\/p>\n<p><b><span data-contrast=\"none\">OBSERVA\u00c7\u00d5ES IMPORTANTES<\/span><\/b><span data-ccp-props=\"{&quot;134233117&quot;:false,&quot;134233118&quot;:false,&quot;201341983&quot;:0,&quot;335551550&quot;:6,&quot;335551620&quot;:6,&quot;335557856&quot;:16777215,&quot;335559738&quot;:0,&quot;335559739&quot;:210,&quot;335559740&quot;:300}\">&nbsp;<\/span><\/p>\n<p><span data-contrast=\"none\">Fixa\u00e7\u00e3o e proje\u00e7\u00e3o das fragr\u00e2ncias variam conforme o pH da pele e n\u00e3o caracterizam defeito;<\/span><span data-ccp-props=\"{&quot;134233117&quot;:false,&quot;134233118&quot;:false,&quot;201341983&quot;:0,&quot;335551550&quot;:6,&quot;335551620&quot;:6,&quot;335557856&quot;:16777215,&quot;335559685&quot;:0,&quot;335559738&quot;:210,&quot;335559739&quot;:210,&quot;335559740&quot;:300}\">&nbsp;<\/span><\/p>\n<p><span data-contrast=\"none\">N\u00e3o nos responsabilizamos por produtos danificados ap\u00f3s longo per\u00edodo do recebimento;<\/span><span data-ccp-props=\"{&quot;134233117&quot;:false,&quot;134233118&quot;:false,&quot;201341983&quot;:0,&quot;335551550&quot;:6,&quot;335551620&quot;:6,&quot;335557856&quot;:16777215,&quot;335559685&quot;:0,&quot;335559738&quot;:210,&quot;335559739&quot;:210,&quot;335559740&quot;:300}\">&nbsp;<\/span><\/p>\n<p><span data-contrast=\"none\">Recomendamos que o cliente conhe\u00e7a previamente a fragr\u00e2ncia antes da compra.<\/span><span data-ccp-props=\"{&quot;134233117&quot;:false,&quot;134233118&quot;:false,&quot;201341983&quot;:0,&quot;335551550&quot;:6,&quot;335551620&quot;:6,&quot;335557856&quot;:16777215,&quot;335559685&quot;:0,&quot;335559738&quot;:210,&quot;335559739&quot;:210,&quot;335559740&quot;:300}\">&nbsp;<\/span><\/p>\n<p><b><span data-contrast=\"none\">ATEN\u00c7\u00c3O<\/span><\/b><span data-ccp-props=\"{&quot;134233117&quot;:false,&quot;134233118&quot;:false,&quot;201341983&quot;:0,&quot;335551550&quot;:6,&quot;335551620&quot;:6,&quot;335557856&quot;:16777215,&quot;335559685&quot;:0,&quot;335559738&quot;:0,&quot;335559739&quot;:0,&quot;335559740&quot;:330}\">&nbsp;<\/span><\/p>\n<p><span data-contrast=\"none\">Sobre alergias e rea\u00e7\u00f5es cut\u00e2neas:<\/span><span data-ccp-props=\"{&quot;134233117&quot;:false,&quot;134233118&quot;:false,&quot;201341983&quot;:0,&quot;335551550&quot;:6,&quot;335551620&quot;:6,&quot;335557856&quot;:16777215,&quot;335559685&quot;:0,&quot;335559738&quot;:0,&quot;335559739&quot;:0,&quot;335559740&quot;:330}\">&nbsp;<\/span><\/p>\n<p><span data-contrast=\"none\">Perfumes possuem composi\u00e7\u00f5es variadas e intensidades diferentes, podendo causar rea\u00e7\u00f5es em pessoas com sensibilidade ou alergias na pele. A IF PARFUM n\u00e3o se responsabiliza por rea\u00e7\u00f5es al\u00e9rgicas, coceiras ou irrita\u00e7\u00f5es decorrentes do uso do produto. Antes de comprar, orientamos que o cliente pesquise sobre a fragr\u00e2ncia, sua intensidade e composi\u00e7\u00e3o, certificando-se de que \u00e9 adequada ao seu perfil.<\/span><span data-ccp-props=\"{&quot;134233117&quot;:false,&quot;134233118&quot;:false,&quot;201341983&quot;:0,&quot;335551550&quot;:6,&quot;335551620&quot;:6,&quot;335557856&quot;:16777215,&quot;335559685&quot;:0,&quot;335559738&quot;:0,&quot;335559739&quot;:0,&quot;335559740&quot;:330}\">&nbsp;<\/span><\/p>\n<p><b><span data-contrast=\"auto\">Procedimento<\/span><\/b><span data-contrast=\"auto\">&nbsp;<\/span><span data-ccp-props=\"{&quot;134233117&quot;:false,&quot;134233118&quot;:false,&quot;201341983&quot;:0,&quot;335551550&quot;:6,&quot;335551620&quot;:6,&quot;335557856&quot;:16777215,&quot;335559685&quot;:0,&quot;335559738&quot;:0,&quot;335559739&quot;:0,&quot;335559740&quot;:330}\">&nbsp;<\/span><\/p>\n<p><span data-contrast=\"auto\">Toda solicita\u00e7\u00e3o deve ser feita pelos canais oficiais de atendimento informados no site.<\/span><\/p>\t\t\t\t\t\t\t\t<\/div>\n\t\t\t\t<\/div>\n\t\t\t\t<\/div>\n\t\t\t\t<\/div>\n\t\t\t\t\t<\/div>\n\t\t\t\t<\/div>\n\t\t\t\t<\/div>","protected":false},"excerpt":{"rendered":"<p>Nossas Pol\u00edticas A IF PARFUM preza por uma experi\u00eancia de compra segura, transparente e satisfat\u00f3ria.&nbsp; N\u00c3O REALIZAMOS TROCAS OU DEVOLU\u00c7\u00d5ES DE DECANTS&nbsp; Os&nbsp;decants&nbsp;s\u00e3o produtos fracionados e preparados sob encomenda, de forma personalizada, conforme o pedido de cada cliente.&nbsp;Por esse motivo,&nbsp;n\u00e3o s\u00e3o eleg\u00edveis para troca ou devolu\u00e7\u00f5es&nbsp;se os&nbsp;produtos&nbsp;forem&nbsp;abertos, violados ou utilizados, salvo em caso de defeito [&hellip;]<\/p>\n","protected":false},"author":1,"featured_media":0,"parent":0,"menu_order":0,"comment_status":"closed","ping_status":"closed","template":"elementor_header_footer","meta":{"footnotes":""},"class_list":["post-21","page","type-page","status-publish","hentry"],"_links":{"self":[{"href":"https:\/\/ifparfum.com.br\/en\/wp-json\/wp\/v2\/pages\/21","targetHints":{"allow":["GET"]}}],"collection":[{"href":"https:\/\/ifparfum.com.br\/en\/wp-json\/wp\/v2\/pages"}],"about":[{"href":"https:\/\/ifparfum.com.br\/en\/wp-json\/wp\/v2\/types\/page"}],"author":[{"embeddable":true,"href":"https:\/\/ifparfum.com.br\/en\/wp-json\/wp\/v2\/users\/1"}],"replies":[{"embeddable":true,"href":"https:\/\/ifparfum.com.br\/en\/wp-json\/wp\/v2\/comments?post=21"}],"version-history":[{"count":15,"href":"https:\/\/ifparfum.com.br\/en\/wp-json\/wp\/v2\/pages\/21\/revisions"}],"predecessor-version":[{"id":530,"href":"https:\/\/ifparfum.com.br\/en\/wp-json\/wp\/v2\/pages\/21\/revisions\/530"}],"wp:attachment":[{"href":"https:\/\/ifparfum.com.br\/en\/wp-json\/wp\/v2\/media?parent=21"}],"curies":[{"name":"wp","href":"https:\/\/api.w.org\/{rel}","templated":true}]}}