{"id":190,"date":"2026-02-23T00:07:31","date_gmt":"2026-02-23T00:07:31","guid":{"rendered":"https:\/\/ifparfum.com.br\/?page_id=190"},"modified":"2026-03-13T19:45:32","modified_gmt":"2026-03-13T19:45:32","slug":"termos-de-uso","status":"publish","type":"page","link":"https:\/\/ifparfum.com.br\/en\/termos-de-uso\/","title":{"rendered":"Termos de Uso"},"content":{"rendered":"<div data-elementor-type=\"wp-page\" data-elementor-id=\"190\" class=\"elementor elementor-190\" data-elementor-post-type=\"page\">\n\t\t\t\t<div class=\"elementor-element elementor-element-f0cd1aa e-flex e-con-boxed e-con e-parent\" data-id=\"f0cd1aa\" data-element_type=\"container\" data-e-type=\"container\">\n\t\t\t\t\t<div class=\"e-con-inner\">\n\t\t\t\t<div class=\"elementor-element elementor-element-1f4fc00 elementor-widget elementor-widget-woocommerce-breadcrumb\" data-id=\"1f4fc00\" data-element_type=\"widget\" data-e-type=\"widget\" data-widget_type=\"woocommerce-breadcrumb.default\">\n\t\t\t\t\t<nav class=\"woocommerce-breadcrumb\" aria-label=\"Breadcrumb\" data-no-translation=\"\" data-trp-gettext=\"\">Home<\/nav>\t\t\t\t<\/div>\n\t\t\t\t\t<\/div>\n\t\t\t\t<\/div>\n\t\t<div class=\"elementor-element elementor-element-7f68bf4 e-flex e-con-boxed e-con e-parent\" data-id=\"7f68bf4\" data-element_type=\"container\" data-e-type=\"container\">\n\t\t\t\t\t<div class=\"e-con-inner\">\n\t\t<div class=\"elementor-element elementor-element-175f3f5 e-con-full e-flex e-con e-child\" data-id=\"175f3f5\" data-element_type=\"container\" data-e-type=\"container\">\n\t\t<div class=\"elementor-element elementor-element-f60052c e-con-full e-flex e-con e-child\" data-id=\"f60052c\" data-element_type=\"container\" data-e-type=\"container\">\n\t\t\t\t<div class=\"elementor-element elementor-element-09fc0d9 elementor-widget elementor-widget-heading\" data-id=\"09fc0d9\" data-element_type=\"widget\" data-e-type=\"widget\" data-widget_type=\"heading.default\">\n\t\t\t\t\t<h2 class=\"elementor-heading-title elementor-size-default\">Termos de uso IF<\/h2>\t\t\t\t<\/div>\n\t\t\t\t<div class=\"elementor-element elementor-element-39a0d15 elementor-widget-mobile__width-inherit elementor-widget elementor-widget-text-editor\" data-id=\"39a0d15\" data-element_type=\"widget\" data-e-type=\"widget\" data-widget_type=\"text-editor.default\">\n\t\t\t\t\t\t\t\t\t<p><span data-contrast=\"none\">Ao acessar este site, o usu\u00e1rio concorda com os presentes Termos de Uso.<\/span><span data-ccp-props=\"{}\">\u00a0<\/span><\/p><p><b><span data-contrast=\"none\">Uso do site<\/span><\/b><span data-ccp-props=\"{}\">\u00a0<\/span><\/p><p><span data-contrast=\"none\">O site destina-se \u00e0 comercializa\u00e7\u00e3o de produtos de perfumaria e outros itens disponibilizados no cat\u00e1logo.<\/span><span data-ccp-props=\"{}\">\u00a0<\/span><\/p><p><b><span data-contrast=\"none\">Responsabilidades<\/span><\/b><span data-ccp-props=\"{}\">\u00a0<\/span><\/p><p><span data-contrast=\"none\">O usu\u00e1rio compromete-se a fornecer informa\u00e7\u00f5es verdadeiras e completas no momento da compra.<\/span><span data-ccp-props=\"{}\">\u00a0<\/span><\/p><p><b><span data-contrast=\"none\">Conte\u00fado<\/span><\/b><span data-ccp-props=\"{}\">\u00a0<\/span><\/p><p><span data-contrast=\"none\">Todo o conte\u00fado do site (imagens, textos, logotipo) \u00e9 de propriedade da empresa, sendo proibida a reprodu\u00e7\u00e3o sem autoriza\u00e7\u00e3o.<\/span><span data-ccp-props=\"{}\">\u00a0<\/span><\/p><p><b><span data-contrast=\"none\">Altera\u00e7\u00f5es<\/span><\/b><span data-ccp-props=\"{}\">\u00a0<\/span><\/p><p><span data-contrast=\"none\">Os termos podem ser alterados a qualquer momento, sem aviso pr\u00e9vio.<\/span><span data-ccp-props=\"{}\">\u00a0<\/span><\/p>\t\t\t\t\t\t\t\t<\/div>\n\t\t\t\t<\/div>\n\t\t\t\t<\/div>\n\t\t\t\t\t<\/div>\n\t\t\t\t<\/div>\n\t\t\t\t<\/div>","protected":false},"excerpt":{"rendered":"<p>Termos de uso IF Ao acessar este site, o usu\u00e1rio concorda com os presentes Termos de Uso.\u00a0 Uso do site\u00a0 O site destina-se \u00e0 comercializa\u00e7\u00e3o de produtos de perfumaria e outros itens disponibilizados no cat\u00e1logo.\u00a0 Responsabilidades\u00a0 O usu\u00e1rio compromete-se a fornecer informa\u00e7\u00f5es verdadeiras e completas no momento da compra.\u00a0 Conte\u00fado\u00a0 Todo o conte\u00fado do site [&hellip;]<\/p>\n","protected":false},"author":1,"featured_media":0,"parent":0,"menu_order":0,"comment_status":"closed","ping_status":"closed","template":"elementor_header_footer","meta":{"footnotes":""},"class_list":["post-190","page","type-page","status-publish","hentry"],"_links":{"self":[{"href":"https:\/\/ifparfum.com.br\/en\/wp-json\/wp\/v2\/pages\/190","targetHints":{"allow":["GET"]}}],"collection":[{"href":"https:\/\/ifparfum.com.br\/en\/wp-json\/wp\/v2\/pages"}],"about":[{"href":"https:\/\/ifparfum.com.br\/en\/wp-json\/wp\/v2\/types\/page"}],"author":[{"embeddable":true,"href":"https:\/\/ifparfum.com.br\/en\/wp-json\/wp\/v2\/users\/1"}],"replies":[{"embeddable":true,"href":"https:\/\/ifparfum.com.br\/en\/wp-json\/wp\/v2\/comments?post=190"}],"version-history":[{"count":7,"href":"https:\/\/ifparfum.com.br\/en\/wp-json\/wp\/v2\/pages\/190\/revisions"}],"predecessor-version":[{"id":536,"href":"https:\/\/ifparfum.com.br\/en\/wp-json\/wp\/v2\/pages\/190\/revisions\/536"}],"wp:attachment":[{"href":"https:\/\/ifparfum.com.br\/en\/wp-json\/wp\/v2\/media?parent=190"}],"curies":[{"name":"wp","href":"https:\/\/api.w.org\/{rel}","templated":true}]}}